{"id":3305,"date":"2017-11-21T15:48:30","date_gmt":"2017-11-21T17:48:30","guid":{"rendered":"http:\/\/www.sepacoautogestao.org.br\/home\/?page_id=3305"},"modified":"2017-11-21T18:35:28","modified_gmt":"2017-11-21T20:35:28","slug":"modelos-de-guias","status":"publish","type":"page","link":"http:\/\/www.sepacoautogestao.org.br\/home\/modelos-de-guias\/","title":{"rendered":"Modelos de Guias"},"content":{"rendered":"<div class='grid-row clearfix'><div class='grid-col grid-col-12'><section class='cws-widget'><div class='widget-title'>Documentos, Guias e Solicita\u00e7\u00f5es<\/div><div class='cws_widget_content tab_widget'>\r\n\t\t\t\t<div class='tabs'><a class='tab active' role='tab' tabindex='0'>Identifica\u00e7\u00e3o<\/a><a class='tab' role='tab' tabindex='1'>Consultas e SADT<\/a><a class='tab' role='tab' tabindex='2'>Interna\u00e7\u00e3o<\/a><a class='tab' role='tab' tabindex='3'>Solicita\u00e7\u00f5es<\/a><\/div>\r\n\t\t\t\t<div class='tab_items'><div class='tab_item' role='tabpanel' tabindex='0'>\n<div class=\"cws-widget callout_widget clearfix with_icon\"><div class='icons_part icon_frame'><i class='fa fa fa-cog'><\/i><\/div><div class='content_wrapper'><div class='text_part'><div class='title'>Capa de Lote<\/div><\/div><div class='button_part'><a class='cws_button medium' href='http:\/\/www.sepacoautogestao.org.br\/home\/wp-content\/uploads\/guias\/capa_lote_ag.pdf' >Download<\/a><\/div><\/div><\/div>\n<hr>\n<\/div><div class='tab_item' role='tabpanel' tabindex='1' style='display:none'>\n<div class=\"cws-widget callout_widget clearfix with_icon\"><div class='icons_part icon_frame'><i class='fa fa fa-cog'><\/i><\/div><div class='content_wrapper'><div class='text_part'><div class='title'>Guia de Consulta<\/div><\/div><div class='button_part'><a class='cws_button medium' href='http:\/\/www.sepacoautogestao.org.br\/home\/wp-content\/uploads\/guias\/guia_consulta_ag.pdf' >Download<\/a><\/div><\/div><\/div>\n<hr>\n<div class=\"cws-widget callout_widget clearfix with_icon\"><div class='icons_part icon_frame'><i class='fa fa fa-cog'><\/i><\/div><div class='content_wrapper'><div class='text_part'><div class='title'>Guia de SADT<\/div><\/div><div class='button_part'><a class='cws_button medium' href='http:\/\/www.sepacoautogestao.org.br\/home\/wp-content\/uploads\/guias\/guia_sadt_ag.pdf' >Download<\/a><\/div><\/div><\/div>\n<hr>\n<\/div><div class='tab_item' role='tabpanel' tabindex='2' style='display:none'>\n<div class=\"cws-widget callout_widget clearfix with_icon\"><div class='icons_part icon_frame'><i class='fa fa fa-cog'><\/i><\/div><div class='content_wrapper'><div class='text_part'><div class='title'>Resumo de Interna\u00e7\u00e3o<\/div><\/div><div class='button_part'><a class='cws_button medium' href='http:\/\/www.sepacoautogestao.org.br\/home\/wp-content\/uploads\/guias\/resumo_internacao_ag.pdf' >Download<\/a><\/div><\/div><\/div>\n<hr>\n<div class=\"cws-widget callout_widget clearfix with_icon\"><div class='icons_part icon_frame'><i class='fa fa fa-cog'><\/i><\/div><div class='content_wrapper'><div class='text_part'><div class='title'>Solicita\u00e7\u00e3o de Interna\u00e7\u00e3o<\/div><\/div><div class='button_part'><a class='cws_button medium' href='http:\/\/www.sepacoautogestao.org.br\/home\/wp-content\/uploads\/guias\/solicitacao_internacao_ag.pdf' >Download<\/a><\/div><\/div><\/div>\n<hr>\n<div class=\"cws-widget callout_widget clearfix with_icon\"><div class='icons_part icon_frame'><i class='fa fa fa-cog'><\/i><\/div><div class='content_wrapper'><div class='text_part'><div class='title'>Prorroga\u00e7\u00e3o de Interna\u00e7\u00e3o e Complementa\u00e7\u00e3o do Tratamento<\/div><\/div><div class='button_part'><a class='cws_button medium' href='http:\/\/www.sepacoautogestao.org.br\/home\/wp-content\/uploads\/guias\/prorrogacao_internacao.pdf' >Download<\/a><\/div><\/div><\/div>\n<hr>\n<div class=\"cws-widget callout_widget clearfix with_icon\"><div class='icons_part icon_frame'><i class='fa fa fa-cog'><\/i><\/div><div class='content_wrapper'><div class='text_part'><div class='title'>Outras Despesas<\/div><\/div><div class='button_part'><a class='cws_button medium' href='http:\/\/www.sepacoautogestao.org.br\/home\/wp-content\/uploads\/guias\/guia_outras_despesas_ag.pdf' >Download<\/a><\/div><\/div><\/div>\n<hr>\n<div class=\"cws-widget callout_widget clearfix with_icon\"><div class='icons_part icon_frame'><i class='fa fa fa-cog'><\/i><\/div><div class='content_wrapper'><div class='text_part'><div class='title'>Honor\u00e1rio Individual<\/div><\/div><div class='button_part'><a class='cws_button medium' href='http:\/\/www.sepacoautogestao.org.br\/home\/wp-content\/uploads\/guias\/guia_honorario_individual.pdf' >Download<\/a><\/div><\/div><\/div>\n<hr>\n<\/div><div class='tab_item' role='tabpanel' tabindex='3' style='display:none'>\n<div class=\"cws-widget callout_widget clearfix with_icon\"><div class='icons_part icon_frame'><i class='fa fa fa-cog'><\/i><\/div><div class='content_wrapper'><div class='text_part'><div class='title'>Solicita\u00e7\u00e3o de OPME<\/div><\/div><div class='button_part'><a class='cws_button medium' href='http:\/\/www.sepacoautogestao.org.br\/home\/wp-content\/uploads\/guias\/solicitacao_opme.pdf' >Download<\/a><\/div><\/div><\/div>\n<hr>\n<div class=\"cws-widget callout_widget clearfix with_icon\"><div class='icons_part icon_frame'><i class='fa fa fa-cog'><\/i><\/div><div class='content_wrapper'><div class='text_part'><div class='title'>Solicita\u00e7\u00e3o de Quimioterapia<\/div><\/div><div class='button_part'><a class='cws_button medium' href='http:\/\/www.sepacoautogestao.org.br\/home\/wp-content\/uploads\/guias\/solicitacao_quimioterapia.pdf' >Download<\/a><\/div><\/div><\/div>\n<hr>\n<div class=\"cws-widget callout_widget clearfix with_icon\"><div class='icons_part icon_frame'><i class='fa fa fa-cog'><\/i><\/div><div class='content_wrapper'><div class='text_part'><div class='title'>Solicita\u00e7\u00e3o de Radioterapia<\/div><\/div><div class='button_part'><a class='cws_button medium' href='http:\/\/www.sepacoautogestao.org.br\/home\/wp-content\/uploads\/guias\/solicitacao_radioterapia.pdf' >Download<\/a><\/div><\/div><\/div>\n<hr>\n<\/div><\/div>\r\n\t\t\t\t<\/div><\/section><\/div><\/div>\n","protected":false},"excerpt":{"rendered":"","protected":false},"author":1,"featured_media":0,"parent":0,"menu_order":0,"comment_status":"closed","ping_status":"closed","template":"","meta":{"advgb_blocks_editor_width":"","advgb_blocks_columns_visual_guide":"","ub_ctt_via":"","_mi_skip_tracking":false,"_expiration-date-status":"","_expiration-date":0,"_expiration-date-type":"","_expiration-date-categories":[],"_expiration-date-options":[]},"featured_image_src":null,"coauthors":[],"author_meta":{"author_link":"http:\/\/www.sepacoautogestao.org.br\/home\/author\/master\/","display_name":"master"},"relative_dates":{"created":"Posted 8 anos ago","modified":"Updated 8 anos ago"},"absolute_dates":{"created":"Posted on ","modified":"Updated on "},"absolute_dates_time":{"created":"Posted on  ","modified":"Updated on  "},"featured_img_caption":"","featured_img":false,"featured_image_src_square":null,"_links":{"self":[{"href":"http:\/\/www.sepacoautogestao.org.br\/home\/wp-json\/wp\/v2\/pages\/3305"}],"collection":[{"href":"http:\/\/www.sepacoautogestao.org.br\/home\/wp-json\/wp\/v2\/pages"}],"about":[{"href":"http:\/\/www.sepacoautogestao.org.br\/home\/wp-json\/wp\/v2\/types\/page"}],"author":[{"embeddable":true,"href":"http:\/\/www.sepacoautogestao.org.br\/home\/wp-json\/wp\/v2\/users\/1"}],"replies":[{"embeddable":true,"href":"http:\/\/www.sepacoautogestao.org.br\/home\/wp-json\/wp\/v2\/comments?post=3305"}],"version-history":[{"count":1,"href":"http:\/\/www.sepacoautogestao.org.br\/home\/wp-json\/wp\/v2\/pages\/3305\/revisions"}],"predecessor-version":[{"id":14852,"href":"http:\/\/www.sepacoautogestao.org.br\/home\/wp-json\/wp\/v2\/pages\/3305\/revisions\/14852"}],"wp:attachment":[{"href":"http:\/\/www.sepacoautogestao.org.br\/home\/wp-json\/wp\/v2\/media?parent=3305"}],"curies":[{"name":"wp","href":"https:\/\/api.w.org\/{rel}","templated":true}]}}