{"id":3276,"date":"2017-11-21T13:14:07","date_gmt":"2017-11-21T15:14:07","guid":{"rendered":"http:\/\/www.sepacoautogestao.org.br\/home\/?page_id=3276"},"modified":"2017-11-29T15:54:05","modified_gmt":"2017-11-29T17:54:05","slug":"empresas-associadas-planos-de-saude","status":"publish","type":"page","link":"http:\/\/www.sepacoautogestao.org.br\/home\/empresas-associadas-planos-de-saude\/","title":{"rendered":"Empresas Associadas: planos de sa\u00fade"},"content":{"rendered":"<div class='grid-row clearfix'><div class='grid-col grid-col-12'><section class='cws-widget'><section class='cws_widget_content'>\n<p>Conhe\u00e7a os planos de sa\u00fade do Sepaco Autogest\u00e3o.\u00a0O atendimento que voc\u00ea precisa perto de voc\u00ea.<\/p>\n<\/section><\/section><section class='cws-widget'><div class='cws_widget_content tab_widget'>\r\n\t\t\t\t<div class='tabs'><a class='tab active' role='tab' tabindex='0'>Empresarial 1<\/a><a class='tab' role='tab' tabindex='1'>Empresarial 2<\/a><a class='tab' role='tab' tabindex='2'>Essencial<\/a><a class='tab' role='tab' tabindex='3'>Exato<\/a><a class='tab' role='tab' tabindex='4'>Exato Plus<\/a><\/div>\r\n\t\t\t\t<div class='tab_items'><div class='tab_item' role='tabpanel' tabindex='0'>\n<p><img loading=\"lazy\" class=\"alignleft wp-image-3224\" src=\"http:\/\/www.sepacoautogestao.org.br\/home\/wp-content\/uploads\/2017\/10\/CarteirinhaAzul.png\" alt=\"\" width=\"301\" height=\"191\" srcset=\"http:\/\/www.sepacoautogestao.org.br\/home\/wp-content\/uploads\/2017\/10\/CarteirinhaAzul.png 1004w, http:\/\/www.sepacoautogestao.org.br\/home\/wp-content\/uploads\/2017\/10\/CarteirinhaAzul-768x488.png 768w, http:\/\/www.sepacoautogestao.org.br\/home\/wp-content\/uploads\/2017\/10\/CarteirinhaAzul-100x63.png 100w, http:\/\/www.sepacoautogestao.org.br\/home\/wp-content\/uploads\/2017\/10\/CarteirinhaAzul-230x146.png 230w\" sizes=\"(max-width: 301px) 100vw, 301px\" \/> Contrata&ccedil;&atilde;o: Coletivo empresarial <br \/>Abrang&ecirc;ncia Geogr&aacute;fica: Grupo de munic&iacute;pios <br \/>Segmenta&ccedil;&atilde;o Assistencial: Ambulatorial+Hospitalar com obstetr&iacute;cia <br \/>Forma&ccedil;&atilde;o de Pre&ccedil;o: P&oacute;s-estabelecido <br \/>V&iacute;nculo do Benefici&aacute;rio: Com v&iacute;nculo empregat&iacute;cio ativo ou inativo <br \/>Padr&atilde;o de Acomoda&ccedil;&atilde;o: Coletiva <br \/> Registro na ANS:&nbsp;477681170<\/p>\n<\/div><div class='tab_item' role='tabpanel' tabindex='1' style='display:none'>\n<p><img loading=\"lazy\" class=\"wp-image-3223 alignleft\" src=\"http:\/\/www.sepacoautogestao.org.br\/home\/wp-content\/uploads\/2017\/10\/CarteirinhaCinza.png\" alt=\"\" width=\"301\" height=\"191\" srcset=\"http:\/\/www.sepacoautogestao.org.br\/home\/wp-content\/uploads\/2017\/10\/CarteirinhaCinza.png 1004w, http:\/\/www.sepacoautogestao.org.br\/home\/wp-content\/uploads\/2017\/10\/CarteirinhaCinza-768x488.png 768w, http:\/\/www.sepacoautogestao.org.br\/home\/wp-content\/uploads\/2017\/10\/CarteirinhaCinza-100x63.png 100w, http:\/\/www.sepacoautogestao.org.br\/home\/wp-content\/uploads\/2017\/10\/CarteirinhaCinza-230x146.png 230w\" sizes=\"(max-width: 301px) 100vw, 301px\" \/>Contrata&ccedil;&atilde;o: Coletivo empresarial <br \/>Abrang&ecirc;ncia Geogr&aacute;fica: Grupo de munic&iacute;pios <br \/>Segmenta&ccedil;&atilde;o Assistencial: Ambulatorial+Hospitalar com obstetr&iacute;cia <br \/>Forma&ccedil;&atilde;o de Pre&ccedil;o: P&oacute;s-estabelecido <br \/>V&iacute;nculo do Benefici&aacute;rio: Com v&iacute;nculo empregat&iacute;cio ativo ou inativo <br \/>Padr&atilde;o de Acomoda&ccedil;&atilde;o: Individual <br \/> Registro na ANS:&nbsp;477683176<\/p>\n<\/div><div class='tab_item' role='tabpanel' tabindex='2' style='display:none'>\n<p><img loading=\"lazy\" class=\"wp-image-3713 alignleft\" src=\"http:\/\/www.sepacoautogestao.org.br\/home\/wp-content\/uploads\/2017\/11\/CarteirinhaAzul.png\" alt=\"\" width=\"301\" height=\"191\" srcset=\"http:\/\/www.sepacoautogestao.org.br\/home\/wp-content\/uploads\/2017\/11\/CarteirinhaAzul.png 1004w, http:\/\/www.sepacoautogestao.org.br\/home\/wp-content\/uploads\/2017\/11\/CarteirinhaAzul-768x488.png 768w, http:\/\/www.sepacoautogestao.org.br\/home\/wp-content\/uploads\/2017\/11\/CarteirinhaAzul-100x63.png 100w, http:\/\/www.sepacoautogestao.org.br\/home\/wp-content\/uploads\/2017\/11\/CarteirinhaAzul-230x146.png 230w\" sizes=\"(max-width: 301px) 100vw, 301px\" \/>Contrata&ccedil;&atilde;o: Coletivo por ades&atilde;o <br \/>Abrang&ecirc;ncia Geogr&aacute;fica: Grupo de munic&iacute;pios <br \/>Segmenta&ccedil;&atilde;o Assistencial: Ambulatorial+Hospitalar com obstetr&iacute;cia <br \/>Forma&ccedil;&atilde;o de Pre&ccedil;o: P&oacute;s-estabelecido <br \/>V&iacute;nculo do Benefici&aacute;rio: V&iacute;nculo associativo sindical de car&aacute;ter profissional, classista ou setorial <br \/>Padr&atilde;o de Acomoda&ccedil;&atilde;o: Coletiva <br \/> Registro na ANS: 477682178<\/p>\n<\/div><div class='tab_item' role='tabpanel' tabindex='3' style='display:none'>\n<p><img loading=\"lazy\" class=\"wp-image-3713 alignleft\" src=\"http:\/\/www.sepacoautogestao.org.br\/home\/wp-content\/uploads\/2017\/11\/CarteirinhaAzul.png\" alt=\"\" width=\"301\" height=\"191\" srcset=\"http:\/\/www.sepacoautogestao.org.br\/home\/wp-content\/uploads\/2017\/11\/CarteirinhaAzul.png 1004w, http:\/\/www.sepacoautogestao.org.br\/home\/wp-content\/uploads\/2017\/11\/CarteirinhaAzul-768x488.png 768w, http:\/\/www.sepacoautogestao.org.br\/home\/wp-content\/uploads\/2017\/11\/CarteirinhaAzul-100x63.png 100w, http:\/\/www.sepacoautogestao.org.br\/home\/wp-content\/uploads\/2017\/11\/CarteirinhaAzul-230x146.png 230w\" sizes=\"(max-width: 301px) 100vw, 301px\" \/>Contrata&ccedil;&atilde;o: Coletivo empresarial <br \/>Abrang&ecirc;ncia Geogr&aacute;fica: Municipal Segmenta&ccedil;&atilde;o <br \/>Assistencial: Ambulatorial+Hospitalar com obstetr&iacute;cia <br \/>Forma&ccedil;&atilde;o de Pre&ccedil;o: P&oacute;s-estabelecido <br \/>V&iacute;nculo do Benefici&aacute;rio: Com v&iacute;nculo empregat&iacute;cio ativo ou inativo <br \/>Padr&atilde;o de Acomoda&ccedil;&atilde;o: Coletiva <br \/> Registro na ANS: 475843169<\/p>\n<\/div><div class='tab_item' role='tabpanel' tabindex='4' style='display:none'>\n<p><img loading=\"lazy\" class=\"wp-image-3713 alignleft\" src=\"http:\/\/www.sepacoautogestao.org.br\/home\/wp-content\/uploads\/2017\/11\/CarteirinhaAzul.png\" alt=\"\" width=\"301\" height=\"191\" srcset=\"http:\/\/www.sepacoautogestao.org.br\/home\/wp-content\/uploads\/2017\/11\/CarteirinhaAzul.png 1004w, http:\/\/www.sepacoautogestao.org.br\/home\/wp-content\/uploads\/2017\/11\/CarteirinhaAzul-768x488.png 768w, http:\/\/www.sepacoautogestao.org.br\/home\/wp-content\/uploads\/2017\/11\/CarteirinhaAzul-100x63.png 100w, http:\/\/www.sepacoautogestao.org.br\/home\/wp-content\/uploads\/2017\/11\/CarteirinhaAzul-230x146.png 230w\" sizes=\"(max-width: 301px) 100vw, 301px\" \/>Contrata&ccedil;&atilde;o: Coletivo empresarial <br \/>Abrang&ecirc;ncia Geogr&aacute;fica: Municipal <br \/>Segmenta&ccedil;&atilde;o Assistencial: Ambulatorial+Hospitalar com obstetr&iacute;cia <br \/>Forma&ccedil;&atilde;o de Pre&ccedil;o: P&oacute;s-estabelecido <br \/>V&iacute;nculo do Benefici&aacute;rio: Com v&iacute;nculo empregat&iacute;cio ativo ou inativo <br \/>Padr&atilde;o de Acomoda&ccedil;&atilde;o: Individual <br \/> Registro na ANS: 475843169<\/p>\n<\/div><\/div>\r\n\t\t\t\t<\/div><\/section><\/div><\/div>\n","protected":false},"excerpt":{"rendered":"","protected":false},"author":1,"featured_media":0,"parent":0,"menu_order":0,"comment_status":"closed","ping_status":"closed","template":"","meta":{"advgb_blocks_editor_width":"","advgb_blocks_columns_visual_guide":"","ub_ctt_via":"","_mi_skip_tracking":false,"_expiration-date-status":"","_expiration-date":0,"_expiration-date-type":"","_expiration-date-categories":[],"_expiration-date-options":[]},"featured_image_src":null,"coauthors":[],"author_meta":{"author_link":"http:\/\/www.sepacoautogestao.org.br\/home\/author\/master\/","display_name":"master"},"relative_dates":{"created":"Posted 8 anos ago","modified":"Updated 8 anos ago"},"absolute_dates":{"created":"Posted on ","modified":"Updated on "},"absolute_dates_time":{"created":"Posted on  ","modified":"Updated on  "},"featured_img_caption":"","featured_img":false,"featured_image_src_square":null,"_links":{"self":[{"href":"http:\/\/www.sepacoautogestao.org.br\/home\/wp-json\/wp\/v2\/pages\/3276"}],"collection":[{"href":"http:\/\/www.sepacoautogestao.org.br\/home\/wp-json\/wp\/v2\/pages"}],"about":[{"href":"http:\/\/www.sepacoautogestao.org.br\/home\/wp-json\/wp\/v2\/types\/page"}],"author":[{"embeddable":true,"href":"http:\/\/www.sepacoautogestao.org.br\/home\/wp-json\/wp\/v2\/users\/1"}],"replies":[{"embeddable":true,"href":"http:\/\/www.sepacoautogestao.org.br\/home\/wp-json\/wp\/v2\/comments?post=3276"}],"version-history":[{"count":0,"href":"http:\/\/www.sepacoautogestao.org.br\/home\/wp-json\/wp\/v2\/pages\/3276\/revisions"}],"wp:attachment":[{"href":"http:\/\/www.sepacoautogestao.org.br\/home\/wp-json\/wp\/v2\/media?parent=3276"}],"curies":[{"name":"wp","href":"https:\/\/api.w.org\/{rel}","templated":true}]}}