{"id":3267,"date":"2017-11-21T12:30:58","date_gmt":"2017-11-21T14:30:58","guid":{"rendered":"http:\/\/www.sepacoautogestao.org.br\/home\/?page_id=3267"},"modified":"2020-07-27T07:50:47","modified_gmt":"2020-07-27T10:50:47","slug":"links-uteis","status":"publish","type":"page","link":"http:\/\/www.sepacoautogestao.org.br\/home\/links-uteis\/","title":{"rendered":"Links \u00fateis"},"content":{"rendered":"<div class='grid-row clearfix'><div class='grid-col grid-col-12'><section class='cws-widget'><section class='cws_widget_content'>\n<ul>\n<li><a href=\"http:\/\/www.sepaco.org.br\/\" target=\"_blank\" rel=\"noopener noreferrer\">Hospital Sepaco<\/a><\/li>\n<li><a href=\"http:\/\/www.ans.gov.br\/\" target=\"_blank\" rel=\"noopener noreferrer\">ANS &#8211; Ag\u00eancia Nacional de Sa\u00fade Suplementar<\/a><\/li>\n<li><a href=\"http:\/\/www.cremesp.org.br\/\" target=\"_blank\" rel=\"noopener noreferrer\">Cremesp &#8211; Conselho Regional de Medicina do Estado de S\u00e3o Paulo<\/a><\/li>\n<li><a href=\"http:\/\/www.saude.gov.br\/\" target=\"_blank\" rel=\"noopener noreferrer\">Portal da Sa\u00fade &#8211; Minist\u00e9rio da Sa\u00fade<\/a><\/li>\n<\/ul>\n<\/section><\/section><\/div><\/div>\n","protected":false},"excerpt":{"rendered":"","protected":false},"author":1,"featured_media":0,"parent":0,"menu_order":0,"comment_status":"closed","ping_status":"closed","template":"","meta":{"advgb_blocks_editor_width":"","advgb_blocks_columns_visual_guide":"","ub_ctt_via":"","_mi_skip_tracking":false,"_expiration-date-status":"saved","_expiration-date":0,"_expiration-date-type":"","_expiration-date-categories":[],"_expiration-date-options":[]},"featured_image_src":null,"coauthors":[],"author_meta":{"author_link":"http:\/\/www.sepacoautogestao.org.br\/home\/author\/master\/","display_name":"master"},"relative_dates":{"created":"Posted 8 anos ago","modified":"Updated 6 anos ago"},"absolute_dates":{"created":"Posted on ","modified":"Updated on "},"absolute_dates_time":{"created":"Posted on  ","modified":"Updated on  "},"featured_img_caption":"","featured_img":false,"featured_image_src_square":null,"_links":{"self":[{"href":"http:\/\/www.sepacoautogestao.org.br\/home\/wp-json\/wp\/v2\/pages\/3267"}],"collection":[{"href":"http:\/\/www.sepacoautogestao.org.br\/home\/wp-json\/wp\/v2\/pages"}],"about":[{"href":"http:\/\/www.sepacoautogestao.org.br\/home\/wp-json\/wp\/v2\/types\/page"}],"author":[{"embeddable":true,"href":"http:\/\/www.sepacoautogestao.org.br\/home\/wp-json\/wp\/v2\/users\/1"}],"replies":[{"embeddable":true,"href":"http:\/\/www.sepacoautogestao.org.br\/home\/wp-json\/wp\/v2\/comments?post=3267"}],"version-history":[{"count":3,"href":"http:\/\/www.sepacoautogestao.org.br\/home\/wp-json\/wp\/v2\/pages\/3267\/revisions"}],"predecessor-version":[{"id":14197,"href":"http:\/\/www.sepacoautogestao.org.br\/home\/wp-json\/wp\/v2\/pages\/3267\/revisions\/14197"}],"wp:attachment":[{"href":"http:\/\/www.sepacoautogestao.org.br\/home\/wp-json\/wp\/v2\/media?parent=3267"}],"curies":[{"name":"wp","href":"https:\/\/api.w.org\/{rel}","templated":true}]}}