{"id":14689,"date":"2022-06-28T11:59:45","date_gmt":"2022-06-28T14:59:45","guid":{"rendered":"http:\/\/www.sepacoautogestao.org.br\/home\/?page_id=14689"},"modified":"2022-06-28T13:09:48","modified_gmt":"2022-06-28T16:09:48","slug":"conheca-o-novo-espaco-das-operadoras-de-saude-do-sepaco","status":"publish","type":"page","link":"http:\/\/www.sepacoautogestao.org.br\/home\/conheca-o-novo-espaco-das-operadoras-de-saude-do-sepaco\/","title":{"rendered":"Conhe\u00e7a as Operadoras do Sistema de Sa\u00fade Sepaco"},"content":{"rendered":"\n<p class=\"has-normal-font-size\">As Operadoras do sistema de Sa\u00fade Sepaco contam com Rede credenciada diversificada, sevi\u00e7os pr\u00f3prios e unidades regionais com atividades integradas ao Hospital Sepaco.<\/p>\n\n\n\n<p class=\"has-normal-font-size\">Pensando na melhoria cont\u00ednua dos sevi\u00e7os oferecidos, as operadoras do Sepaco seguem em constante aperfei\u00e7oamento para cumprimento do nosso PAPEL:\u00a0Cuidar da sua sa\u00fade.<\/p>\n\n\n\n<figure class=\"wp-block-embed-youtube alignfull wp-block-embed is-type-video is-provider-youtube wp-embed-aspect-16-9 wp-has-aspect-ratio\"><div class=\"wp-block-embed__wrapper\">\n<iframe title=\"Conhe\u00e7a as Operadoras de Sa\u00fade do Sepaco\" width=\"896\" height=\"504\" src=\"https:\/\/www.youtube.com\/embed\/EqCc9OZMc2E?feature=oembed\" frameborder=\"0\" allow=\"accelerometer; autoplay; clipboard-write; encrypted-media; gyroscope; picture-in-picture\" allowfullscreen><\/iframe>\n<\/div><\/figure>\n\n\n\n<p>Caso enfrente algum problema de visualiza\u00e7\u00e3o,<strong> <a href=\"https:\/\/app.box.com\/s\/6cnu1azn67z3gx5awgsxgrzkpznmawjp\" target=\"_blank\" rel=\"noreferrer noopener\">clique aqui e baixe o v\u00eddeo<\/a><\/strong>.<\/p>\n","protected":false},"excerpt":{"rendered":"<p>As Operadoras do sistema de Sa\u00fade Sepaco contam com Rede credenciada diversificada, sevi\u00e7os pr\u00f3prios e unidades regionais com atividades integradas ao Hospital Sepaco. Pensando na melhoria cont\u00ednua dos sevi\u00e7os oferecidos, as operadoras do Sepaco seguem em constante aperfei\u00e7oamento para cumprimento do nosso PAPEL:\u00a0Cuidar da sua sa\u00fade. Caso enfrente algum problema de visualiza\u00e7\u00e3o, clique aqui e baixe o v\u00eddeo.<\/p>\n","protected":false},"author":1,"featured_media":0,"parent":0,"menu_order":0,"comment_status":"closed","ping_status":"closed","template":"","meta":{"advgb_blocks_editor_width":"","advgb_blocks_columns_visual_guide":"","ub_ctt_via":"","_mi_skip_tracking":false,"_expiration-date-status":"","_expiration-date":0,"_expiration-date-type":"","_expiration-date-categories":[],"_expiration-date-options":[]},"featured_image_src":null,"coauthors":[],"author_meta":{"author_link":"http:\/\/www.sepacoautogestao.org.br\/home\/author\/master\/","display_name":"master"},"relative_dates":{"created":"Posted 4 anos ago","modified":"Updated 4 anos ago"},"absolute_dates":{"created":"Posted on ","modified":"Updated on "},"absolute_dates_time":{"created":"Posted on  ","modified":"Updated on  "},"featured_img_caption":"","featured_img":false,"featured_image_src_square":null,"_links":{"self":[{"href":"http:\/\/www.sepacoautogestao.org.br\/home\/wp-json\/wp\/v2\/pages\/14689"}],"collection":[{"href":"http:\/\/www.sepacoautogestao.org.br\/home\/wp-json\/wp\/v2\/pages"}],"about":[{"href":"http:\/\/www.sepacoautogestao.org.br\/home\/wp-json\/wp\/v2\/types\/page"}],"author":[{"embeddable":true,"href":"http:\/\/www.sepacoautogestao.org.br\/home\/wp-json\/wp\/v2\/users\/1"}],"replies":[{"embeddable":true,"href":"http:\/\/www.sepacoautogestao.org.br\/home\/wp-json\/wp\/v2\/comments?post=14689"}],"version-history":[{"count":2,"href":"http:\/\/www.sepacoautogestao.org.br\/home\/wp-json\/wp\/v2\/pages\/14689\/revisions"}],"predecessor-version":[{"id":14692,"href":"http:\/\/www.sepacoautogestao.org.br\/home\/wp-json\/wp\/v2\/pages\/14689\/revisions\/14692"}],"wp:attachment":[{"href":"http:\/\/www.sepacoautogestao.org.br\/home\/wp-json\/wp\/v2\/media?parent=14689"}],"curies":[{"name":"wp","href":"https:\/\/api.w.org\/{rel}","templated":true}]}}