{"id":14279,"date":"2020-08-27T11:29:03","date_gmt":"2020-08-27T14:29:03","guid":{"rendered":"http:\/\/www.sepacoautogestao.org.br\/home\/?page_id=14279"},"modified":"2025-12-31T07:57:21","modified_gmt":"2025-12-31T10:57:21","slug":"documentos-ans","status":"publish","type":"page","link":"http:\/\/www.sepacoautogestao.org.br\/home\/documentos-ans\/","title":{"rendered":"Documentos ANS"},"content":{"rendered":"\n<div class=\"wp-block-group\"><div class=\"wp-block-group__inner-container\">\n<ul><li><a href=\"https:\/\/www.sepacoautogestao.org.br\/home\/pdf\/ans\/EMPRESARIAL-1-.pdf\" target=\"_blank\" rel=\"noreferrer noopener\">Guia de leitura contratual &#8211; Empresarial 1<\/a><\/li><li><a href=\"https:\/\/www.sepacoautogestao.org.br\/home\/pdf\/ans\/EMPRESARIAL-2-.pdf\" target=\"_blank\" rel=\"noreferrer noopener\">Guia de leitura contratual &#8211; Empresarial 2<\/a><\/li><li><a href=\"https:\/\/www.sepacoautogestao.org.br\/home\/pdf\/ans\/ELITE.pdf\" target=\"_blank\" rel=\"noreferrer noopener\">Guia de leitura contratual &#8211;<\/a> <a href=\"https:\/\/www.sepacoautogestao.org.br\/home\/pdf\/ans\/ELITE.pdf\" target=\"_blank\" rel=\"noreferrer noopener\">Elite<\/a><\/li><li><a href=\"https:\/\/www.sepacoautogestao.org.br\/home\/pdf\/ans\/ESSENCIAL.pdf\" target=\"_blank\" rel=\"noreferrer noopener\">Guia de leitura contratual &#8211;<\/a> <a href=\"https:\/\/www.sepacoautogestao.org.br\/home\/pdf\/ans\/ESSENCIAL.pdf\" target=\"_blank\" rel=\"noreferrer noopener\">Essencial<\/a><\/li><li><a href=\"https:\/\/www.sepacoautogestao.org.br\/home\/pdf\/ans\/EXATO.pdf\" target=\"_blank\" rel=\"noreferrer noopener\">Guia de leitura contratual &#8211;<\/a> <a href=\"https:\/\/www.sepacoautogestao.org.br\/home\/pdf\/ans\/EXATO.pdf\" target=\"_blank\" rel=\"noreferrer noopener\">Exato<\/a><\/li><li><a href=\"https:\/\/www.sepacoautogestao.org.br\/home\/pdf\/ans\/EXATO-CS-PORTO-N-I.pdf\" target=\"_blank\" rel=\"noreferrer noopener\">Guia de leitura contratual &#8211;<\/a> <a href=\"https:\/\/www.sepacoautogestao.org.br\/home\/pdf\/ans\/EXATO-CS-PORTO-N-I.pdf\" target=\"_blank\" rel=\"noreferrer noopener\">Exato CS Porto N I<\/a><\/li><li><a href=\"https:\/\/www.sepacoautogestao.org.br\/home\/pdf\/ans\/EXATO-PAINEIRAS-1.pdf\" target=\"_blank\" rel=\"noreferrer noopener\">Guia de leitura contratual<\/a> &#8211; <a href=\"https:\/\/www.sepacoautogestao.org.br\/home\/pdf\/ans\/EXATO-PAINEIRAS-1.pdf\" target=\"_blank\" rel=\"noreferrer noopener\">Exato Paineiras 1<\/a><\/li><li><a href=\"https:\/\/www.sepacoautogestao.org.br\/home\/pdf\/ans\/EXATO-PAINEIRAS-2.pdf\">Guia de leitura contratual &#8211;<\/a> <a href=\"https:\/\/www.sepacoautogestao.org.br\/home\/pdf\/ans\/EXATO-PAINEIRAS-2.pdf\">Exato Paineiras 2<\/a><\/li><li><a href=\"https:\/\/www.sepacoautogestao.org.br\/home\/pdf\/ans\/MASTER.pdf\" target=\"_blank\" rel=\"noreferrer noopener\">Guia de leitura contratual<\/a> &#8211; <a href=\"https:\/\/www.sepacoautogestao.org.br\/home\/pdf\/ans\/MASTER.pdf\" target=\"_blank\" rel=\"noreferrer noopener\">Master<\/a><\/li><li><a href=\"https:\/\/www.sepacoautogestao.org.br\/home\/pdf\/ans\/NACIONAL-I.pdf\" target=\"_blank\" rel=\"noreferrer noopener\">Guia de leitura contratual &#8211;<\/a> <a href=\"https:\/\/www.sepacoautogestao.org.br\/home\/pdf\/ans\/NACIONAL-I.pdf\" target=\"_blank\" rel=\"noreferrer noopener\">Nacional I<\/a><\/li><li><a href=\"https:\/\/www.sepacoautogestao.org.br\/home\/pdf\/ans\/NACIONAL-II.pdf\" target=\"_blank\" rel=\"noreferrer noopener\">Guia de leitura contratual &#8211;<\/a> <a href=\"https:\/\/www.sepacoautogestao.org.br\/home\/pdf\/ans\/NACIONAL-II.pdf\" target=\"_blank\" rel=\"noreferrer noopener\">Nacional II<\/a><\/li><li><a href=\"https:\/\/www.sepacoautogestao.org.br\/home\/pdf\/ans\/REGIONAL-I-NN-COP.pdf\">Guia de leitura contratual &#8211;<\/a> <a href=\"https:\/\/www.sepacoautogestao.org.br\/home\/pdf\/ans\/REGIONAL-I-NN-COP.pdf\">Regional I NN COP<\/a><\/li><li><a href=\"https:\/\/www.sepacoautogestao.org.br\/home\/pdf\/ans\/REGIONAL-I-NN-COP-RR.pdf\" target=\"_blank\" rel=\"noreferrer noopener\">Guia de leitura contratual &#8211;<\/a> <a href=\"https:\/\/www.sepacoautogestao.org.br\/home\/pdf\/ans\/REGIONAL-I-NN-COP-RR.pdf\" target=\"_blank\" rel=\"noreferrer noopener\">Regional I NN COP RR<\/a><\/li><li><a href=\"https:\/\/www.sepacoautogestao.org.br\/home\/pdf\/ans\/REGIONAL-II-NN-COP.pdf\" target=\"_blank\" rel=\"noreferrer noopener\">Guia de leitura contratual &#8211;<\/a> <a href=\"https:\/\/www.sepacoautogestao.org.br\/home\/pdf\/ans\/REGIONAL-II-NN-COP.pdf\" target=\"_blank\" rel=\"noreferrer noopener\">Regional II NN COP<\/a><\/li><li><a href=\"https:\/\/www.sepacoautogestao.org.br\/home\/pdf\/ans\/REGIONAL-II-NN-COP-RR.pdf\" target=\"_blank\" rel=\"noreferrer noopener\">Guia de leitura contratual<\/a> &#8211; <a href=\"https:\/\/www.sepacoautogestao.org.br\/home\/pdf\/ans\/REGIONAL-II-NN-COP-RR.pdf\" target=\"_blank\" rel=\"noreferrer noopener\">Regional II NN COP RR<\/a><\/li><li><a href=\"https:\/\/www.sepacoautogestao.org.br\/home\/pdf\/ans\/SZE-1.pdf\" target=\"_blank\" rel=\"noreferrer noopener\">Guia de leitura contratual &#8211; SZE 1<\/a><\/li><li><a href=\"https:\/\/www.sepacoautogestao.org.br\/home\/pdf\/ans\/SZMS_1-.pdf\" target=\"_blank\" rel=\"noreferrer noopener\">Guia de leitura contratual &#8211; SZMS_1<\/a><\/li><li><a href=\"https:\/\/www.sepacoautogestao.org.br\/home\/pdf\/ans\/SZQ-3.pdf\" target=\"_blank\" rel=\"noreferrer noopener\">Guia de leitura contratual &#8211; SZQ 3<\/a><\/li><li><a href=\"https:\/\/www.sepacoautogestao.org.br\/home\/pdf\/ans\/VERTICAL.pdf\">Guia de leitura contratual &#8211; Vertical<\/a><\/li><\/ul>\n\n\n<hr class=\"ub_divider\" id=\"ub_divider_cbbe9f86-cdaf-42b4-a97b-82082744d641\"><\/hr>\n\n\n<ul><li><a href=\"https:\/\/www.sepacoautogestao.org.br\/home\/wp-content\/uploads\/2023\/04\/13\/contrato_empresas_associadas.zip\">Anexo A (Declara\u00e7\u00e3o de op\u00e7\u00e3o ao plano de continuidade \u00e0 assist\u00eancia m\u00e9dico &#8211; hospitalar Sepaco)<\/a><\/li><li><a href=\"https:\/\/www.sepacoautogestao.org.br\/home\/pdf\/ans\/Manual-de-Orientacao-para-Contratacao-de-Planos-de-Saude.pdf\" target=\"_blank\" rel=\"noreferrer noopener\">Manual de orienta\u00e7\u00e3o para contrata\u00e7\u00e3o de plano de Sa\u00fade<\/a><\/li><li><a href=\"http:\/\/www.sepacoautogestao.org.br\/home\/wp-content\/uploads\/2020\/08\/RN_509_-_ANEXO.pdf\" target=\"_blank\" rel=\"noreferrer noopener\">Anexo da Resolu\u00e7\u00e3o Normativa n. 389\/2015, atualizado pela RN n. 509\/2022 \u2013 Informa\u00e7\u00f5es sobre tipos de contrata\u00e7\u00e3o<\/a><\/li><li><a href=\"http:\/\/www.sepacoautogestao.org.br\/home\/wp-content\/uploads\/2020\/08\/ANEXO-III-Cancelamento_exclusao.pdf\" target=\"_blank\" rel=\"noreferrer noopener\">Cancelamento ou Exclus\u00e3o de Contrato<\/a><\/li><li><a href=\"http:\/\/www.sepacoautogestao.org.br\/home\/wp-content\/uploads\/2025\/12\/ag.pdf\" target=\"_blank\" rel=\"noreferrer noopener\">Resultado IDSS 2025<\/a><\/li><li><a href=\"http:\/\/www.sepacoautogestao.org.br\/home\/wp-content\/uploads\/2025\/06\/Resultado-IDSS-2024-SERVICO-SOCIAL.pdf\" target=\"_blank\" rel=\"noreferrer noopener\">Resultado IDSS 2024<\/a><\/li><li><a href=\"http:\/\/www.sepacoautogestao.org.br\/home\/wp-content\/uploads\/2023\/01\/SEPACO-AUTOGESTAO-(IDSS).pdf\" target=\"_blank\" rel=\"noreferrer noopener\">Resultado IDSS 2023<\/a><\/li><li><a href=\"http:\/\/www.sepacoautogestao.org.br\/home\/wp-content\/uploads\/2023\/01\/IDSS-2022-ANO-BASE-2021-NOTA-OFICIAL-RESUMIDA-26-12-2022.pdf\" target=\"_blank\" rel=\"noreferrer noopener\">Resultado IDSS 2022<\/a><\/li><li><a href=\"http:\/\/www.sepacoautogestao.org.br\/home\/wp-content\/uploads\/2022\/01\/IDSS-SEPACO-AUTOGESTAO-DIVULGACAO-SITE-2021-BASE-2020-WORD.pdf\" target=\"_blank\" rel=\"noreferrer noopener\">Resultado IDSS 2021<\/a><\/li><li><a href=\"http:\/\/www.sepacoautogestao.org.br\/home\/wp-content\/uploads\/2021\/04\/IDSS-AG-2020.pdf\" target=\"_blank\" rel=\"noreferrer noopener\">Resultado IDSS 2020<\/a><\/li><li><a href=\"http:\/\/www.sepacoautogestao.org.br\/home\/wp-content\/uploads\/2019\/10\/IDSSFinal.pdf\" target=\"_blank\" rel=\"noreferrer noopener\">Resultado IDSS 2019<\/a><\/li><li><a href=\"http:\/\/www.sepacoautogestao.org.br\/home\/wp-content\/uploads\/2020\/08\/IDSS2018.pdf\" target=\"_blank\" rel=\"noreferrer noopener\">Resultado IDSS 2018<\/a><\/li><\/ul>\n\n\n\n<p><\/p>\n\n\n\n<p><a href=\"https:\/\/www.gov.br\/ans\/pt-br\/assuntos\/informacoes-e-avaliacoes-de-operadoras\/qualificacao-ans\">Clique aqui<\/a>&nbsp;e acesse o Programa de Qualifica\u00e7\u00e3o das Operadoras<\/p>\n\n\n\n<p><a href=\"https:\/\/www.ans.gov.br\/qualificacao_consumidor\/informacoes_operadora.asp?co_operadora_param=420077&amp;cd_processamento_param=20200101#consulta_idss\" target=\"_blank\" rel=\"noreferrer noopener\">Clique aqui<\/a>&nbsp;e confira os resultados do IDSS<\/p>\n<\/div><\/div>\n\n\n\n<p><\/p>\n","protected":false},"excerpt":{"rendered":"","protected":false},"author":1,"featured_media":0,"parent":0,"menu_order":0,"comment_status":"closed","ping_status":"closed","template":"","meta":{"advgb_blocks_editor_width":"","advgb_blocks_columns_visual_guide":"","ub_ctt_via":"","_mi_skip_tracking":false,"_expiration-date-status":"saved","_expiration-date":1642445570,"_expiration-date-type":"draft","_expiration-date-categories":[],"_expiration-date-options":{"expireType":"draft","category":[],"id":14279}},"featured_image_src":null,"coauthors":[],"author_meta":{"author_link":"http:\/\/www.sepacoautogestao.org.br\/home\/author\/master\/","display_name":"master"},"relative_dates":{"created":"Posted 6 anos ago","modified":"Updated 4 meses ago"},"absolute_dates":{"created":"Posted on ","modified":"Updated on "},"absolute_dates_time":{"created":"Posted on  ","modified":"Updated on  "},"featured_img_caption":"","featured_img":false,"featured_image_src_square":null,"_links":{"self":[{"href":"http:\/\/www.sepacoautogestao.org.br\/home\/wp-json\/wp\/v2\/pages\/14279"}],"collection":[{"href":"http:\/\/www.sepacoautogestao.org.br\/home\/wp-json\/wp\/v2\/pages"}],"about":[{"href":"http:\/\/www.sepacoautogestao.org.br\/home\/wp-json\/wp\/v2\/types\/page"}],"author":[{"embeddable":true,"href":"http:\/\/www.sepacoautogestao.org.br\/home\/wp-json\/wp\/v2\/users\/1"}],"replies":[{"embeddable":true,"href":"http:\/\/www.sepacoautogestao.org.br\/home\/wp-json\/wp\/v2\/comments?post=14279"}],"version-history":[{"count":52,"href":"http:\/\/www.sepacoautogestao.org.br\/home\/wp-json\/wp\/v2\/pages\/14279\/revisions"}],"predecessor-version":[{"id":15615,"href":"http:\/\/www.sepacoautogestao.org.br\/home\/wp-json\/wp\/v2\/pages\/14279\/revisions\/15615"}],"wp:attachment":[{"href":"http:\/\/www.sepacoautogestao.org.br\/home\/wp-json\/wp\/v2\/media?parent=14279"}],"curies":[{"name":"wp","href":"https:\/\/api.w.org\/{rel}","templated":true}]}}