{"id":14100,"date":"2020-06-05T12:55:12","date_gmt":"2020-06-05T15:55:12","guid":{"rendered":"http:\/\/www.sepacoautogestao.org.br\/home\/?page_id=14100"},"modified":"2024-02-16T17:31:43","modified_gmt":"2024-02-16T20:31:43","slug":"telemedicina","status":"publish","type":"page","link":"http:\/\/www.sepacoautogestao.org.br\/home\/telemedicina\/","title":{"rendered":"Telemedicina"},"content":{"rendered":"\n<figure class=\"wp-block-image size-full is-resized\"><img loading=\"lazy\" src=\"https:\/\/www.sepacoautogestao.org.br\/home\/wp-content\/uploads\/2024\/02\/BannerTelemedicina-copiar.jpg\" alt=\"\" class=\"wp-image-15281\" width=\"1401\" height=\"496\" srcset=\"http:\/\/www.sepacoautogestao.org.br\/home\/wp-content\/uploads\/2024\/02\/BannerTelemedicina-copiar.jpg 1920w, http:\/\/www.sepacoautogestao.org.br\/home\/wp-content\/uploads\/2024\/02\/BannerTelemedicina-copiar-768x272.jpg 768w, http:\/\/www.sepacoautogestao.org.br\/home\/wp-content\/uploads\/2024\/02\/BannerTelemedicina-copiar-100x35.jpg 100w, http:\/\/www.sepacoautogestao.org.br\/home\/wp-content\/uploads\/2024\/02\/BannerTelemedicina-copiar-230x81.jpg 230w\" sizes=\"(max-width: 1401px) 100vw, 1401px\" \/><\/figure>\n\n\n\n<div class=\"wp-block-atomic-blocks-ab-columns ab-layout-columns-2 ab-2-col-wideright\"><div class=\"ab-layout-column-wrap ab-block-layout-column-gap-2 ab-is-responsive-column\">\n<div class=\"wp-block-atomic-blocks-ab-column ab-block-layout-column ab-is-vertically-aligned-top\"><div class=\"ab-block-layout-column-inner has-very-light-gray-background-color\" style=\"padding-top:25px;padding-right:25px;padding-bottom:5px;padding-left:25px\">\n<p class=\"has-text-align-center has-normal-font-size\">Confira o tutorial a seguir de como acessar a plataforma ou clique no bot\u00e3o abaixo para inciar o atendimento:<\/p>\n\n\n<div class=\"ub-buttons align-button-center\"  id=\"ub-button-bb2315d8-6316-48d5-8c36-cab92df35442\"><div class=\"ub-button-container\">\n    <a href=\"https:\/\/sepaco.drtis.com.br\/\" target=\"_blank\"\n    rel=\"noopener noreferrer nofollow\"\n    class=\"ub-button-block-main ub-button-medium\" role=\"button\">\n    <div class=\"ub-button-content-holder\"><span class=\"ub-button-block-btn\">Iniciar meu atendimento<\/span>\n    <\/div><\/a><\/div><\/div><\/div><\/div>\n\n\n\n<div class=\"wp-block-atomic-blocks-ab-column ab-block-layout-column\"><div class=\"ab-block-layout-column-inner\">\n<div class=\"wp-block-advgb-accordions advgb-accordion-wrapper\" data-collapsed=\"true\">\n<div class=\"wp-block-advgb-accordion-item advgb-accordion-item\" style=\"margin-bottom:15px\"><div class=\"advgb-accordion-header\" style=\"background-color:#0693e3;color:#eee;border-style:solid;border-width:0px;border-radius:2px\"><span class=\"advgb-accordion-header-icon\"><svg fill=\"#fff\" xmlns=\"http:\/\/www.w3.org\/2000\/svg\" width=\"24\" height=\"24\" viewbox=\"0 0 24 24\"><path fill=\"none\" d=\"M0,0h24v24H0V0z\"><\/path><path d=\"M12,2C6.48,2,2,6.48,2,12s4.48,10,10,10s10-4.48,10-10S17.52,2,12,2z M17,13h-4v4h-2v-4H7v-2h4V7h2v4h4V13z\"><\/path><\/svg><\/span><h4 class=\"advgb-accordion-header-title\" style=\"color:inherit\">Tutorial \u2013 Consulta Agendada no Ambulat\u00f3rio<\/h4><\/div><div class=\"advgb-accordion-body\" style=\"border-style:solid !important;border-width:0px !important;border-color:undefined !important;border-top:none !important;border-radius:2px !important\">\n<p><span class=\"has-inline-color has-very-dark-gray-color\"><strong>Especialidades dispon\u00edveis:&nbsp;<\/strong>Cl\u00ednica M\u00e9dica, Geriatria, Psicologia e Cardiologia Cl\u00ednica (Adulto)<\/span>.<\/p>\n\n\n\n<p class=\"has-text-color has-background\" style=\"background-color:#1c4469;color:#ffffff\"><strong>Agende sua consulta pelo n\u00famero:<\/strong> (11) 2182-4711 (Central de Atendimento)<\/p>\n\n\n\n<p>No dia da consulta, siga o tutorial abaixo:<\/p>\n\n\n\n<figure class=\"wp-block-image size-full\"><img loading=\"lazy\" width=\"2480\" height=\"553\" src=\"http:\/\/www.sepacoautogestao.org.br\/home\/wp-content\/uploads\/2020\/06\/1_2-1.png\" alt=\"\" class=\"wp-image-14149\" srcset=\"http:\/\/www.sepacoautogestao.org.br\/home\/wp-content\/uploads\/2020\/06\/1_2-1.png 2480w, http:\/\/www.sepacoautogestao.org.br\/home\/wp-content\/uploads\/2020\/06\/1_2-1-768x171.png 768w, http:\/\/www.sepacoautogestao.org.br\/home\/wp-content\/uploads\/2020\/06\/1_2-1-100x22.png 100w, http:\/\/www.sepacoautogestao.org.br\/home\/wp-content\/uploads\/2020\/06\/1_2-1-230x51.png 230w\" sizes=\"(max-width: 2480px) 100vw, 2480px\" \/><\/figure>\n\n\n\n<figure class=\"wp-block-image size-full\"><img loading=\"lazy\" width=\"2480\" height=\"549\" src=\"http:\/\/www.sepacoautogestao.org.br\/home\/wp-content\/uploads\/2020\/06\/Passo2N.png\" alt=\"\" class=\"wp-image-14150\" srcset=\"http:\/\/www.sepacoautogestao.org.br\/home\/wp-content\/uploads\/2020\/06\/Passo2N.png 2480w, http:\/\/www.sepacoautogestao.org.br\/home\/wp-content\/uploads\/2020\/06\/Passo2N-768x170.png 768w, http:\/\/www.sepacoautogestao.org.br\/home\/wp-content\/uploads\/2020\/06\/Passo2N-100x22.png 100w, http:\/\/www.sepacoautogestao.org.br\/home\/wp-content\/uploads\/2020\/06\/Passo2N-230x50.png 230w\" sizes=\"(max-width: 2480px) 100vw, 2480px\" \/><\/figure>\n\n\n\n<figure class=\"wp-block-image size-full\"><img loading=\"lazy\" width=\"2480\" height=\"977\" src=\"http:\/\/www.sepacoautogestao.org.br\/home\/wp-content\/uploads\/2020\/06\/Tutorial-3-Aguardar-Atendimento2.jpg\" alt=\"\" class=\"wp-image-14151\" srcset=\"http:\/\/www.sepacoautogestao.org.br\/home\/wp-content\/uploads\/2020\/06\/Tutorial-3-Aguardar-Atendimento2.jpg 2480w, http:\/\/www.sepacoautogestao.org.br\/home\/wp-content\/uploads\/2020\/06\/Tutorial-3-Aguardar-Atendimento2-768x302.jpg 768w, http:\/\/www.sepacoautogestao.org.br\/home\/wp-content\/uploads\/2020\/06\/Tutorial-3-Aguardar-Atendimento2-100x39.jpg 100w, http:\/\/www.sepacoautogestao.org.br\/home\/wp-content\/uploads\/2020\/06\/Tutorial-3-Aguardar-Atendimento2-230x90.jpg 230w\" sizes=\"(max-width: 2480px) 100vw, 2480px\" \/><\/figure>\n\n\n\n<figure class=\"wp-block-image size-full\"><img loading=\"lazy\" width=\"2480\" height=\"563\" src=\"http:\/\/www.sepacoautogestao.org.br\/home\/wp-content\/uploads\/2020\/06\/5_6New.png\" alt=\"\" class=\"wp-image-14152\" srcset=\"http:\/\/www.sepacoautogestao.org.br\/home\/wp-content\/uploads\/2020\/06\/5_6New.png 2480w, http:\/\/www.sepacoautogestao.org.br\/home\/wp-content\/uploads\/2020\/06\/5_6New-768x174.png 768w, http:\/\/www.sepacoautogestao.org.br\/home\/wp-content\/uploads\/2020\/06\/5_6New-100x22.png 100w, http:\/\/www.sepacoautogestao.org.br\/home\/wp-content\/uploads\/2020\/06\/5_6New-230x52.png 230w\" sizes=\"(max-width: 2480px) 100vw, 2480px\" \/><\/figure>\n\n\n\n<figure class=\"wp-block-image size-full\"><img loading=\"lazy\" width=\"2480\" height=\"533\" src=\"http:\/\/www.sepacoautogestao.org.br\/home\/wp-content\/uploads\/2020\/06\/8.png\" alt=\"\" class=\"wp-image-14153\" srcset=\"http:\/\/www.sepacoautogestao.org.br\/home\/wp-content\/uploads\/2020\/06\/8.png 2480w, http:\/\/www.sepacoautogestao.org.br\/home\/wp-content\/uploads\/2020\/06\/8-768x165.png 768w, http:\/\/www.sepacoautogestao.org.br\/home\/wp-content\/uploads\/2020\/06\/8-100x21.png 100w, http:\/\/www.sepacoautogestao.org.br\/home\/wp-content\/uploads\/2020\/06\/8-230x49.png 230w\" sizes=\"(max-width: 2480px) 100vw, 2480px\" \/><\/figure>\n\n\n\n<p class=\"has-vivid-cyan-blue-background-color has-text-color has-background\" style=\"color:#ffffff\"><strong>Obs:<\/strong> durante o per\u00edodo de espera \u00e9 poss\u00edvel conversar com o m\u00e9dico via chat, localizado no lado direito.<\/p>\n\n\n\n<p class=\"has-vivid-red-background-color has-text-color has-background\" style=\"color:#ffffff\">O tempo de toler\u00e2ncia para atrasos \u00e9 de 10 minutos, ap\u00f3s este per\u00edodo a consulta ser\u00e1 cancelada.<\/p>\n\n\n\n<figure class=\"wp-block-image size-full\"><img loading=\"lazy\" width=\"2480\" height=\"568\" src=\"http:\/\/www.sepacoautogestao.org.br\/home\/wp-content\/uploads\/2020\/06\/Passo5N.png\" alt=\"\" class=\"wp-image-14154\" srcset=\"http:\/\/www.sepacoautogestao.org.br\/home\/wp-content\/uploads\/2020\/06\/Passo5N.png 2480w, http:\/\/www.sepacoautogestao.org.br\/home\/wp-content\/uploads\/2020\/06\/Passo5N-768x175.png 768w, http:\/\/www.sepacoautogestao.org.br\/home\/wp-content\/uploads\/2020\/06\/Passo5N-100x22.png 100w, http:\/\/www.sepacoautogestao.org.br\/home\/wp-content\/uploads\/2020\/06\/Passo5N-230x52.png 230w\" sizes=\"(max-width: 2480px) 100vw, 2480px\" \/><\/figure>\n<\/div><\/div>\n<\/div>\n\n\n\n<p><strong>Em caso de d\u00favidas, entre em contato:<\/strong><\/p>\n\n\n\n<p><strong>Pronto Atendimento:<\/strong> (11) 2182-4697<br><strong>Consulta Agendada:<\/strong> (11) 2182-4711 (Central de Atendimento) ou pelo Chat, dispon\u00edvel no aplicativo Sepaco Autogest\u00e3o do seu celular.<\/p>\n<\/div><\/div>\n<\/div><\/div>\n","protected":false},"excerpt":{"rendered":"","protected":false},"author":1,"featured_media":0,"parent":0,"menu_order":0,"comment_status":"closed","ping_status":"closed","template":"","meta":{"advgb_blocks_editor_width":"","advgb_blocks_columns_visual_guide":"","ub_ctt_via":"","_mi_skip_tracking":false,"_expiration-date-status":"saved","_expiration-date":1708011582,"_expiration-date-type":"draft","_expiration-date-categories":[],"_expiration-date-options":{"expireType":"draft","category":[],"id":14100}},"featured_image_src":null,"coauthors":[],"author_meta":{"author_link":"http:\/\/www.sepacoautogestao.org.br\/home\/author\/master\/","display_name":"master"},"relative_dates":{"created":"Posted 6 anos ago","modified":"Updated 2 anos ago"},"absolute_dates":{"created":"Posted on ","modified":"Updated on "},"absolute_dates_time":{"created":"Posted on  ","modified":"Updated on  "},"featured_img_caption":"","featured_img":false,"featured_image_src_square":null,"_links":{"self":[{"href":"http:\/\/www.sepacoautogestao.org.br\/home\/wp-json\/wp\/v2\/pages\/14100"}],"collection":[{"href":"http:\/\/www.sepacoautogestao.org.br\/home\/wp-json\/wp\/v2\/pages"}],"about":[{"href":"http:\/\/www.sepacoautogestao.org.br\/home\/wp-json\/wp\/v2\/types\/page"}],"author":[{"embeddable":true,"href":"http:\/\/www.sepacoautogestao.org.br\/home\/wp-json\/wp\/v2\/users\/1"}],"replies":[{"embeddable":true,"href":"http:\/\/www.sepacoautogestao.org.br\/home\/wp-json\/wp\/v2\/comments?post=14100"}],"version-history":[{"count":33,"href":"http:\/\/www.sepacoautogestao.org.br\/home\/wp-json\/wp\/v2\/pages\/14100\/revisions"}],"predecessor-version":[{"id":15284,"href":"http:\/\/www.sepacoautogestao.org.br\/home\/wp-json\/wp\/v2\/pages\/14100\/revisions\/15284"}],"wp:attachment":[{"href":"http:\/\/www.sepacoautogestao.org.br\/home\/wp-json\/wp\/v2\/media?parent=14100"}],"curies":[{"name":"wp","href":"https:\/\/api.w.org\/{rel}","templated":true}]}}